{"id":60,"date":"2019-06-18T22:24:17","date_gmt":"2019-06-18T20:24:17","guid":{"rendered":"http:\/\/www.wordpress.ecole-stmaurice.fr\/?page_id=60"},"modified":"2025-09-11T16:36:17","modified_gmt":"2025-09-11T14:36:17","slug":"qui-sont-les-membres-de-logec-saint-maurice","status":"publish","type":"page","link":"https:\/\/www.ecole-stmaurice.fr\/index.php\/qui-sont-les-membres-de-logec-saint-maurice\/","title":{"rendered":"Les membres de l&rsquo;OGEC"},"content":{"rendered":"\n<h3 class=\"wp-block-heading\">Bureau:<\/h3>\n\n\n\n<ul class=\"wp-block-list\">\n<li>Pr\u00e9sident : S\u00e9bastien RIPERT<\/li>\n\n\n\n<li>Vice-Pr\u00e9sidente : H\u00e9l\u00e8ne GEHAN<\/li>\n\n\n\n<li>Tr\u00e9sorier : Arnaud BUTTAY<\/li>\n\n\n\n<li>Vice-Tr\u00e9sorier : Arnaud VERGNE<\/li>\n\n\n\n<li>Secr\u00e9taire : Florentin JOSSERAND<\/li>\n<\/ul>\n\n\n\n<div style=\"height:38px\" aria-hidden=\"true\" class=\"wp-block-spacer\"><\/div>\n\n\n\n<h3 class=\"wp-block-heading\">Membres:<\/h3>\n\n\n\n<ul class=\"wp-block-list\">\n<li>M\u00e9lanie CLEVE<\/li>\n\n\n\n<li>Anthony TEXIER<\/li>\n\n\n\n<li>S\u00e9bastien POIZAT<\/li>\n\n\n\n<li>Carine BERTRAND<\/li>\n\n\n\n<li>Fabio BARAGONA<\/li>\n\n\n\n<li>C\u00e9line PERAL<\/li>\n\n\n\n<li>Christophe MOYENCOURT<\/li>\n<\/ul>\n","protected":false},"excerpt":{"rendered":"<p>Bureau: Membres:<\/p>\n","protected":false},"author":1,"featured_media":0,"parent":0,"menu_order":0,"comment_status":"closed","ping_status":"closed","template":"","meta":{"footnotes":""},"class_list":["post-60","page","type-page","status-publish","hentry"],"_links":{"self":[{"href":"https:\/\/www.ecole-stmaurice.fr\/index.php\/wp-json\/wp\/v2\/pages\/60","targetHints":{"allow":["GET"]}}],"collection":[{"href":"https:\/\/www.ecole-stmaurice.fr\/index.php\/wp-json\/wp\/v2\/pages"}],"about":[{"href":"https:\/\/www.ecole-stmaurice.fr\/index.php\/wp-json\/wp\/v2\/types\/page"}],"author":[{"embeddable":true,"href":"https:\/\/www.ecole-stmaurice.fr\/index.php\/wp-json\/wp\/v2\/users\/1"}],"replies":[{"embeddable":true,"href":"https:\/\/www.ecole-stmaurice.fr\/index.php\/wp-json\/wp\/v2\/comments?post=60"}],"version-history":[{"count":14,"href":"https:\/\/www.ecole-stmaurice.fr\/index.php\/wp-json\/wp\/v2\/pages\/60\/revisions"}],"predecessor-version":[{"id":1767,"href":"https:\/\/www.ecole-stmaurice.fr\/index.php\/wp-json\/wp\/v2\/pages\/60\/revisions\/1767"}],"wp:attachment":[{"href":"https:\/\/www.ecole-stmaurice.fr\/index.php\/wp-json\/wp\/v2\/media?parent=60"}],"curies":[{"name":"wp","href":"https:\/\/api.w.org\/{rel}","templated":true}]}}