{"id":537,"date":"2020-05-01T20:36:31","date_gmt":"2020-05-01T18:36:31","guid":{"rendered":"http:\/\/www.ecole-stmaurice.fr\/?page_id=537"},"modified":"2023-05-14T21:44:57","modified_gmt":"2023-05-14T19:44:57","slug":"le-projet-educatif","status":"publish","type":"page","link":"https:\/\/www.ecole-stmaurice.fr\/index.php\/le-projet-educatif\/","title":{"rendered":"Le projet \u00e9ducatif"},"content":{"rendered":"\n<p>Attentive \u00e0 l&rsquo;accueil de chacun, notre \u00e9cole se veut \u00eatre un des lieux privil\u00e9gi\u00e9s o\u00f9 chaque enfant est heureux de s&rsquo;instruire, de communiquer, de partager, de progresser et de grandir.<\/p>\n\n\n<div class=\"wp-block-image\">\n<figure class=\"aligncenter size-large is-resized\"><img loading=\"lazy\" decoding=\"async\" src=\"https:\/\/www.ecole-stmaurice.fr\/wp-content\/uploads\/2023\/05\/projet-educatif-general-2023-1024x629.jpg\" alt=\"\" class=\"wp-image-1651\" width=\"512\" height=\"315\" srcset=\"https:\/\/www.ecole-stmaurice.fr\/wp-content\/uploads\/2023\/05\/projet-educatif-general-2023-1024x629.jpg 1024w, https:\/\/www.ecole-stmaurice.fr\/wp-content\/uploads\/2023\/05\/projet-educatif-general-2023-300x184.jpg 300w, https:\/\/www.ecole-stmaurice.fr\/wp-content\/uploads\/2023\/05\/projet-educatif-general-2023-768x472.jpg 768w, https:\/\/www.ecole-stmaurice.fr\/wp-content\/uploads\/2023\/05\/projet-educatif-general-2023.jpg 1059w\" sizes=\"auto, (max-width: 512px) 100vw, 512px\" \/><\/figure>\n<\/div>\n\n\n<p class=\"has-text-align-left\"><img loading=\"lazy\" decoding=\"async\" width=\"50\" height=\"46\" class=\"wp-image-1653\" style=\"width: 50px;\" src=\"https:\/\/www.ecole-stmaurice.fr\/wp-content\/uploads\/2023\/05\/projet-educatif-sigle-OK-1.jpg\" alt=\"\">Nous mettons en \u0153uvre une p\u00e9dagogie active afin de permettre \u00e0 chaque \u00e9l\u00e8ve de renforcer son envie d&rsquo;apprendre, sa motivation \u00e0 d\u00e9velopper ses talents et ses comp\u00e9tences.<\/p>\n\n\n\n<p class=\"has-text-align-left\"><img loading=\"lazy\" decoding=\"async\" width=\"50\" height=\"46\" class=\"wp-image-1653\" style=\"width: 50px;\" src=\"https:\/\/www.ecole-stmaurice.fr\/wp-content\/uploads\/2023\/05\/projet-educatif-sigle-OK-1.jpg\" alt=\"\">Nous accompagnons les \u00e9l\u00e8ves afin de les rendre dynamiques, cr\u00e9ateurs et autonomes dans leurs apprentissages.<\/p>\n\n\n\n<p class=\"has-text-align-left\"><img loading=\"lazy\" decoding=\"async\" width=\"50\" height=\"46\" class=\"wp-image-1653\" style=\"width: 50px;\" src=\"https:\/\/www.ecole-stmaurice.fr\/wp-content\/uploads\/2023\/05\/projet-educatif-sigle-OK-1.jpg\" alt=\"\">Nous souhaitons faire grandir en humanit\u00e9 chaque enfant dans toutes ses dimensions \u00ab Corps &#8211; Esprit &#8211; \u00c2me \u00bb pour contribuer \u00e0 un monde solidaire port\u00e9 par les valeurs de l\u2019Evangile. A la suite de J\u00e9sus Christ, nous annon\u00e7ons la Bonne Nouvelle de l\u2019Amour de Dieu et de son prochain.<\/p>\n","protected":false},"excerpt":{"rendered":"<p>Attentive \u00e0 l&rsquo;accueil de chacun, notre \u00e9cole se veut \u00eatre un des lieux privil\u00e9gi\u00e9s o\u00f9 chaque enfant est heureux de s&rsquo;instruire, de communiquer, de partager, de progresser et de grandir. Nous mettons en \u0153uvre une p\u00e9dagogie active afin de permettre \u00e0 chaque \u00e9l\u00e8ve de renforcer son envie d&rsquo;apprendre, sa motivation \u00e0 d\u00e9velopper ses talents et<\/p>\n<p><a href=\"https:\/\/www.ecole-stmaurice.fr\/index.php\/le-projet-educatif\/\" class=\"more-link\">Lire la suite<\/a><\/p>\n","protected":false},"author":1,"featured_media":0,"parent":0,"menu_order":0,"comment_status":"closed","ping_status":"closed","template":"","meta":{"footnotes":""},"class_list":["post-537","page","type-page","status-publish","hentry"],"_links":{"self":[{"href":"https:\/\/www.ecole-stmaurice.fr\/index.php\/wp-json\/wp\/v2\/pages\/537","targetHints":{"allow":["GET"]}}],"collection":[{"href":"https:\/\/www.ecole-stmaurice.fr\/index.php\/wp-json\/wp\/v2\/pages"}],"about":[{"href":"https:\/\/www.ecole-stmaurice.fr\/index.php\/wp-json\/wp\/v2\/types\/page"}],"author":[{"embeddable":true,"href":"https:\/\/www.ecole-stmaurice.fr\/index.php\/wp-json\/wp\/v2\/users\/1"}],"replies":[{"embeddable":true,"href":"https:\/\/www.ecole-stmaurice.fr\/index.php\/wp-json\/wp\/v2\/comments?post=537"}],"version-history":[{"count":5,"href":"https:\/\/www.ecole-stmaurice.fr\/index.php\/wp-json\/wp\/v2\/pages\/537\/revisions"}],"predecessor-version":[{"id":1656,"href":"https:\/\/www.ecole-stmaurice.fr\/index.php\/wp-json\/wp\/v2\/pages\/537\/revisions\/1656"}],"wp:attachment":[{"href":"https:\/\/www.ecole-stmaurice.fr\/index.php\/wp-json\/wp\/v2\/media?parent=537"}],"curies":[{"name":"wp","href":"https:\/\/api.w.org\/{rel}","templated":true}]}}