{"id":24,"date":"2019-06-18T21:41:02","date_gmt":"2019-06-18T19:41:02","guid":{"rendered":"http:\/\/www.wordpress.ecole-stmaurice.fr\/?page_id=24"},"modified":"2024-07-12T15:44:26","modified_gmt":"2024-07-12T13:44:26","slug":"contact","status":"publish","type":"page","link":"https:\/\/www.ecole-stmaurice.fr\/index.php\/contact\/","title":{"rendered":"Contact"},"content":{"rendered":"\n<h3 class=\"wp-block-heading\">Pour nous contacter :<\/h3>\n\n\n\n<p>Adresse : 25 rue L\u00e9o et Maurice Trouilhet &#8211; 69008 Lyon<br>Tel:  04 78 00 48 12<br><br>Mail :   <a href=\"mailto:secretariat@ecole-stmaurice.fr\">secretariat@ecole-stmaurice.fr <\/a> <\/p>\n\n\n\n<p>Le secr\u00e9tariat est ouvert en p\u00e9riode scolaire le lundi, mardi, jeudi et vendredi de 8h \u00e0 12h et de 13h30 \u00e0 17h.<br><\/p>\n\n\n\n<p><\/p>\n\n\n\n<h3 class=\"wp-block-heading\">Acc\u00e8s :<\/h3>\n\n\n\n<p>Tram T2 \u2013 Arr\u00eat Villon<\/p>\n\n\n\n<p>Metro D \u2013 Arr\u00eat Monplaisir Lumi\u00e8re<\/p>\n\n\n\n<p>Bus C16 \u2013 Arr\u00eat Saint Mathieu \/ Arr\u00eat Place Ambroise Courtois<\/p>\n\n\n\n<p><\/p>\n\n\n\n<h3 class=\"wp-block-heading\">Plan :<br><\/h3>\n\n\n<p><iframe loading=\"lazy\" src=\"https:\/\/www.google.com\/maps\/embed?pb=!1m18!1m12!1m3!1d2341.403089776785!2d4.867616555036977!3d45.74286137764023!2m3!1f0!2f0!3f0!3m2!1i1024!2i768!4f13.1!3m3!1m2!1s0x0%3A0x1b82c217ae6bde34!2sEcole+Saint+Maurice!5e0!3m2!1sfr!2sfr!4v1560891313827!5m2!1sfr!2sfr\" width=\"600\" height=\"450\" frameborder=\"0\" style=\"border:0\" allowfullscreen=\"\"><\/iframe><\/p>\n","protected":false},"excerpt":{"rendered":"<p>Pour nous contacter : Adresse : 25 rue L\u00e9o et Maurice Trouilhet &#8211; 69008 LyonTel: 04 78 00 48 12 Mail : secretariat@ecole-stmaurice.fr Le secr\u00e9tariat est ouvert en p\u00e9riode scolaire le lundi, mardi, jeudi et vendredi de 8h \u00e0 12h et de 13h30 \u00e0 17h. Acc\u00e8s : Tram T2 \u2013 Arr\u00eat Villon Metro D \u2013<\/p>\n<p><a href=\"https:\/\/www.ecole-stmaurice.fr\/index.php\/contact\/\" class=\"more-link\">Lire la suite<\/a><\/p>\n","protected":false},"author":1,"featured_media":0,"parent":0,"menu_order":0,"comment_status":"closed","ping_status":"closed","template":"","meta":{"footnotes":""},"class_list":["post-24","page","type-page","status-publish","hentry"],"_links":{"self":[{"href":"https:\/\/www.ecole-stmaurice.fr\/index.php\/wp-json\/wp\/v2\/pages\/24","targetHints":{"allow":["GET"]}}],"collection":[{"href":"https:\/\/www.ecole-stmaurice.fr\/index.php\/wp-json\/wp\/v2\/pages"}],"about":[{"href":"https:\/\/www.ecole-stmaurice.fr\/index.php\/wp-json\/wp\/v2\/types\/page"}],"author":[{"embeddable":true,"href":"https:\/\/www.ecole-stmaurice.fr\/index.php\/wp-json\/wp\/v2\/users\/1"}],"replies":[{"embeddable":true,"href":"https:\/\/www.ecole-stmaurice.fr\/index.php\/wp-json\/wp\/v2\/comments?post=24"}],"version-history":[{"count":24,"href":"https:\/\/www.ecole-stmaurice.fr\/index.php\/wp-json\/wp\/v2\/pages\/24\/revisions"}],"predecessor-version":[{"id":1693,"href":"https:\/\/www.ecole-stmaurice.fr\/index.php\/wp-json\/wp\/v2\/pages\/24\/revisions\/1693"}],"wp:attachment":[{"href":"https:\/\/www.ecole-stmaurice.fr\/index.php\/wp-json\/wp\/v2\/media?parent=24"}],"curies":[{"name":"wp","href":"https:\/\/api.w.org\/{rel}","templated":true}]}}