{"id":23,"date":"2019-06-18T21:41:02","date_gmt":"2019-06-18T19:41:02","guid":{"rendered":"http:\/\/www.wordpress.ecole-stmaurice.fr\/?page_id=23"},"modified":"2025-09-12T21:46:14","modified_gmt":"2025-09-12T19:46:14","slug":"apel","status":"publish","type":"page","link":"https:\/\/www.ecole-stmaurice.fr\/index.php\/apel\/","title":{"rendered":"Pr\u00e9sentation de l&rsquo;APEL"},"content":{"rendered":"\n<div class=\"wp-block-columns has-2-columns is-layout-flex wp-container-core-columns-is-layout-9d6595d7 wp-block-columns-is-layout-flex\">\n<div class=\"wp-block-column is-layout-flow wp-block-column-is-layout-flow\"><div class=\"wp-block-image\">\n<figure class=\"aligncenter is-resized\"><img loading=\"lazy\" decoding=\"async\" width=\"1024\" height=\"750\" src=\"http:\/\/www.wordpress.ecole-stmaurice.fr\/wp-content\/uploads\/2019\/06\/Logo_Apel_RVB-1024x750.png\" alt=\"\" class=\"wp-image-187\" style=\"width:264px;height:193px\" srcset=\"https:\/\/www.ecole-stmaurice.fr\/wp-content\/uploads\/2019\/06\/Logo_Apel_RVB-1024x750.png 1024w, https:\/\/www.ecole-stmaurice.fr\/wp-content\/uploads\/2019\/06\/Logo_Apel_RVB-300x220.png 300w, https:\/\/www.ecole-stmaurice.fr\/wp-content\/uploads\/2019\/06\/Logo_Apel_RVB-768x562.png 768w, https:\/\/www.ecole-stmaurice.fr\/wp-content\/uploads\/2019\/06\/Logo_Apel_RVB.png 1748w\" sizes=\"auto, (max-width: 1024px) 100vw, 1024px\" \/><\/figure>\n<\/div><\/div>\n\n\n\n<div class=\"wp-block-column is-layout-flow wp-block-column-is-layout-flow\">\n<div style=\"height:51px\" aria-hidden=\"true\" class=\"wp-block-spacer\"><\/div>\n\n\n\n<div class=\"wp-block-media-text alignwide\" style=\"grid-template-columns:12% auto\"><figure class=\"wp-block-media-text__media\"><img loading=\"lazy\" decoding=\"async\" width=\"512\" height=\"512\" src=\"http:\/\/www.wordpress.ecole-stmaurice.fr\/wp-content\/uploads\/2019\/06\/enveloppe.png\" alt=\"\" class=\"wp-image-192 size-full\" srcset=\"https:\/\/www.ecole-stmaurice.fr\/wp-content\/uploads\/2019\/06\/enveloppe.png 512w, https:\/\/www.ecole-stmaurice.fr\/wp-content\/uploads\/2019\/06\/enveloppe-150x150.png 150w, https:\/\/www.ecole-stmaurice.fr\/wp-content\/uploads\/2019\/06\/enveloppe-300x300.png 300w\" sizes=\"auto, (max-width: 512px) 100vw, 512px\" \/><\/figure><div class=\"wp-block-media-text__content\">\n<p class=\"has-small-font-size\"><a href=\"mailto:apelsaintmaurice@gmail.com\" target=\"_blank\" rel=\"noreferrer noopener\">apel@ecole-stmaurice.fr<\/a><\/p>\n<\/div><\/div>\n\n\n\n<div class=\"wp-block-media-text alignwide\" style=\"grid-template-columns:12% auto\"><figure class=\"wp-block-media-text__media\"><img loading=\"lazy\" decoding=\"async\" width=\"132\" height=\"132\" src=\"http:\/\/www.wordpress.ecole-stmaurice.fr\/wp-content\/uploads\/2019\/06\/logo-facebook.png\" alt=\"\" class=\"wp-image-208 size-full\"\/><\/figure><div class=\"wp-block-media-text__content\">\n<p class=\"has-small-font-size\"><a aria-label=\" (s\u2019ouvre dans un nouvel onglet)\" href=\"https:\/\/www.facebook.com\/apelecolesaintmauricelyon8\/\" target=\"_blank\" rel=\"noreferrer noopener\">https:\/\/www.facebook.com\/apelecolesaintmauricelyon8\/<\/a><\/p>\n<\/div><\/div>\n\n\n\n<p><\/p>\n<\/div>\n<\/div>\n\n\n\n<h4 class=\"wp-block-heading\"><mark style=\"background-color:rgba(0, 0, 0, 0)\" class=\"has-inline-color has-pale-cyan-blue-color\">1- <strong>Quel est le r\u00f4le de l&rsquo;APEL ?<\/strong><\/mark><\/h4>\n\n\n\n<p>L\u2019association des parents d\u2019\u00e9l\u00e8ves de l\u2019\u00e9cole Saint Maurice a plusieurs missions principales&nbsp;:  <\/p>\n\n\n\n<ul class=\"wp-block-list\">\n<li>Accueillir et animer la vie de l\u2019\u00e9cole. Par exemple\u00a0: organisation d\u2019un caf\u00e9 de rentr\u00e9e, organisation d&rsquo;un go\u00fbter en maternelle, programmation d&rsquo;une matin\u00e9e jeux de soci\u00e9t\u00e9, organisation d&rsquo;une soir\u00e9e cr\u00eapes, gestion de la f\u00eate de l\u2019\u00e9cole.<\/li>\n\n\n\n<li>Informer et\u00a0repr\u00e9senter les parents d\u2019\u00e9l\u00e8ves au sein des diff\u00e9rentes institutions de l\u2019\u00e9cole (r\u00e9unions OGEC notamment).<\/li>\n\n\n\n<li>Participer au projet d\u2019\u00e9tablissement\/d\u2019\u00e9ducation&nbsp;:\n<ul class=\"wp-block-list\">\n<li>Rechercher des financements\u00a0: ventes de bougies, sapins, chocolats, fleurs, &#8230;<\/li>\n\n\n\n<li>Participer aux achats des enseignants&nbsp;: abonnements, animations de No\u00ebl en maternelles, achats de v\u00e9los en maternelle<\/li>\n\n\n\n<li>Participer \u00e0 la pastorale de l\u2019\u00e9cole <\/li>\n<\/ul>\n<\/li>\n<\/ul>\n\n\n\n<h4 class=\"wp-block-heading\"><\/h4>\n\n\n\n<h4 class=\"wp-block-heading\"><mark style=\"background-color:rgba(0, 0, 0, 0)\" class=\"has-inline-color has-pale-cyan-blue-color\">2- <strong>Comment adh\u00e9rer ?<\/strong><\/mark><\/h4>\n\n\n\n<p>Tous les parents de l\u2019\u00e9cole sont les\n bienvenus dans l\u2019association&nbsp;: adh\u00e9rer \u00e0 l\u2019APEL c\u2019est soutenir les \nprojets de l\u2019association pour construire ensemble notre \u00e9cole avec toute\n la communaut\u00e9 \u00e9ducative.&nbsp;<\/p>\n\n\n\n<p>L\u2019adh\u00e9sion \u00e0 l\u2019APEL est volontaire et facultative. <br><\/p>\n\n\n\n<p>La cotisation est propos\u00e9e dans le dossier de rentr\u00e9e. <\/p>\n\n\n\n<p>Elle s\u2019\u00e9l\u00e8ve \u00e0 21  euros par an et par famille&nbsp;: 4,63 euros reviennent directement \u00e0  l\u2019APEL de l\u2019\u00e9cole, le reste est partag\u00e9 entre les diff\u00e9rentes instances  nationales, r\u00e9gionales et d\u00e9partementales de l\u2019association. <\/p>\n\n\n\n<p>L\u2019adh\u00e9sion  permet par ailleurs l\u2019abonnement au magazine \u00ab\u00a0Famille et Education\u00a0\u00bb.<\/p>\n","protected":false},"excerpt":{"rendered":"<p>apel@ecole-stmaurice.fr https:\/\/www.facebook.com\/apelecolesaintmauricelyon8\/ 1- Quel est le r\u00f4le de l&rsquo;APEL ? L\u2019association des parents d\u2019\u00e9l\u00e8ves de l\u2019\u00e9cole Saint Maurice a plusieurs missions principales&nbsp;: 2- Comment adh\u00e9rer ? Tous les parents de l\u2019\u00e9cole sont les bienvenus dans l\u2019association&nbsp;: adh\u00e9rer \u00e0 l\u2019APEL c\u2019est soutenir les projets de l\u2019association pour construire ensemble notre \u00e9cole avec toute la communaut\u00e9 \u00e9ducative.&nbsp;<\/p>\n<p><a href=\"https:\/\/www.ecole-stmaurice.fr\/index.php\/apel\/\" class=\"more-link\">Lire la suite<\/a><\/p>\n","protected":false},"author":1,"featured_media":0,"parent":0,"menu_order":0,"comment_status":"closed","ping_status":"closed","template":"template\/template-page-full-width.php","meta":{"footnotes":""},"class_list":["post-23","page","type-page","status-publish","hentry"],"_links":{"self":[{"href":"https:\/\/www.ecole-stmaurice.fr\/index.php\/wp-json\/wp\/v2\/pages\/23","targetHints":{"allow":["GET"]}}],"collection":[{"href":"https:\/\/www.ecole-stmaurice.fr\/index.php\/wp-json\/wp\/v2\/pages"}],"about":[{"href":"https:\/\/www.ecole-stmaurice.fr\/index.php\/wp-json\/wp\/v2\/types\/page"}],"author":[{"embeddable":true,"href":"https:\/\/www.ecole-stmaurice.fr\/index.php\/wp-json\/wp\/v2\/users\/1"}],"replies":[{"embeddable":true,"href":"https:\/\/www.ecole-stmaurice.fr\/index.php\/wp-json\/wp\/v2\/comments?post=23"}],"version-history":[{"count":49,"href":"https:\/\/www.ecole-stmaurice.fr\/index.php\/wp-json\/wp\/v2\/pages\/23\/revisions"}],"predecessor-version":[{"id":1804,"href":"https:\/\/www.ecole-stmaurice.fr\/index.php\/wp-json\/wp\/v2\/pages\/23\/revisions\/1804"}],"wp:attachment":[{"href":"https:\/\/www.ecole-stmaurice.fr\/index.php\/wp-json\/wp\/v2\/media?parent=23"}],"curies":[{"name":"wp","href":"https:\/\/api.w.org\/{rel}","templated":true}]}}