{"id":224,"date":"2019-07-11T16:11:37","date_gmt":"2019-07-11T14:11:37","guid":{"rendered":"http:\/\/www.wordpress.ecole-stmaurice.fr\/?page_id=224"},"modified":"2026-03-10T16:20:08","modified_gmt":"2026-03-10T15:20:08","slug":"cantine-2","status":"publish","type":"page","link":"https:\/\/www.ecole-stmaurice.fr\/index.php\/cantine-2\/","title":{"rendered":"Cantine"},"content":{"rendered":"\n<p>Depuis le 1er septembre 2025, les inscriptions \u00e0 la cantine se font par les familles via le site ROPACH.<\/p>\n\n\n\n<p>Vous \u00eates les seuls gestionnaires et responsables des inscriptions \u00e0 la cantine. Vous pouvez apporter toutes modifications exceptionnelles d\u2019inscriptions ou de d\u00e9sinscriptions la <strong>veille du jour ouvr\u00e9 avant 11h.<\/strong><\/p>\n\n\n\n<p>Le secr\u00e9tariat ne prendra aucune inscription de derni\u00e8re minute.<\/p>\n\n\n\n<p>Les tarifs de la cantine peuvent \u00eatre consult\u00e9s dans l&rsquo;onglet \u00ab\u00a0Tarifs et r\u00e8glement int\u00e9rieur\u00a0\u00bb o\u00f9 se trouve le fichier associ\u00e9 aux frais de scolarit\u00e9.<\/p>\n\n\n\n<p>Les repas seront factur\u00e9s en fonction de vos inscriptions.<br><\/p>\n\n\n\n<p>Pour toute question sur le fonctionnement de ROPACH, n\u2019h\u00e9sitez pas \u00e0 prendre contact avec le secr\u00e9tariat.<\/p>\n\n\n\n<p><strong>!!! Il est possible de cumuler garderie et cantine le m\u00eame jour d\u00e8s la petite section. !!!<\/strong><\/p>\n","protected":false},"excerpt":{"rendered":"<p>Depuis le 1er septembre 2025, les inscriptions \u00e0 la cantine se font par les familles via le site ROPACH. Vous \u00eates les seuls gestionnaires et responsables des inscriptions \u00e0 la cantine. Vous pouvez apporter toutes modifications exceptionnelles d\u2019inscriptions ou de d\u00e9sinscriptions la veille du jour ouvr\u00e9 avant 11h. Le secr\u00e9tariat ne prendra aucune inscription de<\/p>\n<p><a href=\"https:\/\/www.ecole-stmaurice.fr\/index.php\/cantine-2\/\" class=\"more-link\">Lire la suite<\/a><\/p>\n","protected":false},"author":1,"featured_media":0,"parent":0,"menu_order":0,"comment_status":"closed","ping_status":"closed","template":"","meta":{"footnotes":""},"class_list":["post-224","page","type-page","status-publish","hentry"],"_links":{"self":[{"href":"https:\/\/www.ecole-stmaurice.fr\/index.php\/wp-json\/wp\/v2\/pages\/224","targetHints":{"allow":["GET"]}}],"collection":[{"href":"https:\/\/www.ecole-stmaurice.fr\/index.php\/wp-json\/wp\/v2\/pages"}],"about":[{"href":"https:\/\/www.ecole-stmaurice.fr\/index.php\/wp-json\/wp\/v2\/types\/page"}],"author":[{"embeddable":true,"href":"https:\/\/www.ecole-stmaurice.fr\/index.php\/wp-json\/wp\/v2\/users\/1"}],"replies":[{"embeddable":true,"href":"https:\/\/www.ecole-stmaurice.fr\/index.php\/wp-json\/wp\/v2\/comments?post=224"}],"version-history":[{"count":20,"href":"https:\/\/www.ecole-stmaurice.fr\/index.php\/wp-json\/wp\/v2\/pages\/224\/revisions"}],"predecessor-version":[{"id":1848,"href":"https:\/\/www.ecole-stmaurice.fr\/index.php\/wp-json\/wp\/v2\/pages\/224\/revisions\/1848"}],"wp:attachment":[{"href":"https:\/\/www.ecole-stmaurice.fr\/index.php\/wp-json\/wp\/v2\/media?parent=224"}],"curies":[{"name":"wp","href":"https:\/\/api.w.org\/{rel}","templated":true}]}}