{"id":220,"date":"2021-07-11T16:08:41","date_gmt":"2021-07-11T14:08:41","guid":{"rendered":"http:\/\/www.wordpress.ecole-stmaurice.fr\/?page_id=220"},"modified":"2025-09-11T16:16:06","modified_gmt":"2025-09-11T14:16:06","slug":"rentree-2021-2022-2","status":"publish","type":"page","link":"https:\/\/www.ecole-stmaurice.fr\/index.php\/rentree-2021-2022-2\/","title":{"rendered":"Rentr\u00e9e"},"content":{"rendered":"\n<h2 class=\"wp-block-heading\">Modalit\u00e9s de rentr\u00e9e<\/h2>\n\n\n\n<p><\/p>\n\n\n\n<p class=\"has-text-align-center has-medium-font-size\">La rentr\u00e9e des classes aura lieu le : <strong>lundi 1er septembre 2025<\/strong><\/p>\n\n\n\n<p><\/p>\n\n\n\n<p><\/p>\n\n\n\n<p>Les \u00e9l\u00e8ves de primaire, du CP au CM2, feront leur rentr\u00e9e le lundi 1er septembre 2025 \u00e0 8h15.<\/p>\n\n\n\n<p>Les \u00e9l\u00e8ves de maternelle feront une rentr\u00e9e \u00e9chelonn\u00e9e, par nom de famille (=&gt; <strong>voir onglet calendrier<\/strong>).<\/p>\n\n\n\n<p><\/p>\n\n\n\n<h2 class=\"wp-block-heading\"><\/h2>\n\n\n\n<p><\/p>\n","protected":false},"excerpt":{"rendered":"<p>Modalit\u00e9s de rentr\u00e9e La rentr\u00e9e des classes aura lieu le : lundi 1er septembre 2025 Les \u00e9l\u00e8ves de primaire, du CP au CM2, feront leur rentr\u00e9e le lundi 1er septembre 2025 \u00e0 8h15. Les \u00e9l\u00e8ves de maternelle feront une rentr\u00e9e \u00e9chelonn\u00e9e, par nom de famille (=&gt; voir onglet calendrier).<\/p>\n","protected":false},"author":2,"featured_media":0,"parent":0,"menu_order":0,"comment_status":"closed","ping_status":"closed","template":"","meta":{"footnotes":""},"class_list":["post-220","page","type-page","status-publish","hentry"],"_links":{"self":[{"href":"https:\/\/www.ecole-stmaurice.fr\/index.php\/wp-json\/wp\/v2\/pages\/220","targetHints":{"allow":["GET"]}}],"collection":[{"href":"https:\/\/www.ecole-stmaurice.fr\/index.php\/wp-json\/wp\/v2\/pages"}],"about":[{"href":"https:\/\/www.ecole-stmaurice.fr\/index.php\/wp-json\/wp\/v2\/types\/page"}],"author":[{"embeddable":true,"href":"https:\/\/www.ecole-stmaurice.fr\/index.php\/wp-json\/wp\/v2\/users\/2"}],"replies":[{"embeddable":true,"href":"https:\/\/www.ecole-stmaurice.fr\/index.php\/wp-json\/wp\/v2\/comments?post=220"}],"version-history":[{"count":47,"href":"https:\/\/www.ecole-stmaurice.fr\/index.php\/wp-json\/wp\/v2\/pages\/220\/revisions"}],"predecessor-version":[{"id":1756,"href":"https:\/\/www.ecole-stmaurice.fr\/index.php\/wp-json\/wp\/v2\/pages\/220\/revisions\/1756"}],"wp:attachment":[{"href":"https:\/\/www.ecole-stmaurice.fr\/index.php\/wp-json\/wp\/v2\/media?parent=220"}],"curies":[{"name":"wp","href":"https:\/\/api.w.org\/{rel}","templated":true}]}}