{"id":21,"date":"2019-06-18T21:41:02","date_gmt":"2019-06-18T19:41:02","guid":{"rendered":"http:\/\/www.wordpress.ecole-stmaurice.fr\/?page_id=21"},"modified":"2019-07-17T20:25:19","modified_gmt":"2019-07-17T18:25:19","slug":"pastorale","status":"publish","type":"page","link":"https:\/\/www.ecole-stmaurice.fr\/index.php\/pastorale\/","title":{"rendered":"La Pastorale"},"content":{"rendered":"\n<p>L\u2019\u00e9cole Saint Maurice est une \u00e9cole catholique d\u2019enseignement sous tutelle dioc\u00e9saine <\/p>\n\n\n\n<p>A  ce titre, elle propose d\u00e8s la maternelle un \u00e9veil religieux et pour les  plus grands une formation cat\u00e9ch\u00e9tique en suivant le rythme des grandes  f\u00eates religieuses chr\u00e9tiennes et en \u00e9tant invit\u00e9s \u00e0 participer \u00e0 des  actions humanitaires en lien avec diverses associations (Secours  Catholique, CCFD\u2026).<\/p>\n","protected":false},"excerpt":{"rendered":"<p>L\u2019\u00e9cole Saint Maurice est une \u00e9cole catholique d\u2019enseignement sous tutelle dioc\u00e9saine A ce titre, elle propose d\u00e8s la maternelle un \u00e9veil religieux et pour les plus grands une formation cat\u00e9ch\u00e9tique en suivant le rythme des grandes f\u00eates religieuses chr\u00e9tiennes et en \u00e9tant invit\u00e9s \u00e0 participer \u00e0 des actions humanitaires en lien avec diverses associations (Secours<\/p>\n<p><a href=\"https:\/\/www.ecole-stmaurice.fr\/index.php\/pastorale\/\" class=\"more-link\">Lire la suite<\/a><\/p>\n","protected":false},"author":1,"featured_media":0,"parent":0,"menu_order":0,"comment_status":"closed","ping_status":"closed","template":"","meta":{"footnotes":""},"class_list":["post-21","page","type-page","status-publish","hentry"],"_links":{"self":[{"href":"https:\/\/www.ecole-stmaurice.fr\/index.php\/wp-json\/wp\/v2\/pages\/21","targetHints":{"allow":["GET"]}}],"collection":[{"href":"https:\/\/www.ecole-stmaurice.fr\/index.php\/wp-json\/wp\/v2\/pages"}],"about":[{"href":"https:\/\/www.ecole-stmaurice.fr\/index.php\/wp-json\/wp\/v2\/types\/page"}],"author":[{"embeddable":true,"href":"https:\/\/www.ecole-stmaurice.fr\/index.php\/wp-json\/wp\/v2\/users\/1"}],"replies":[{"embeddable":true,"href":"https:\/\/www.ecole-stmaurice.fr\/index.php\/wp-json\/wp\/v2\/comments?post=21"}],"version-history":[{"count":4,"href":"https:\/\/www.ecole-stmaurice.fr\/index.php\/wp-json\/wp\/v2\/pages\/21\/revisions"}],"predecessor-version":[{"id":371,"href":"https:\/\/www.ecole-stmaurice.fr\/index.php\/wp-json\/wp\/v2\/pages\/21\/revisions\/371"}],"wp:attachment":[{"href":"https:\/\/www.ecole-stmaurice.fr\/index.php\/wp-json\/wp\/v2\/media?parent=21"}],"curies":[{"name":"wp","href":"https:\/\/api.w.org\/{rel}","templated":true}]}}