{"id":1774,"date":"2025-09-11T16:59:27","date_gmt":"2025-09-11T14:59:27","guid":{"rendered":"https:\/\/www.ecole-stmaurice.fr\/?page_id=1774"},"modified":"2025-09-11T17:01:56","modified_gmt":"2025-09-11T15:01:56","slug":"les-projets-de-lannee","status":"publish","type":"page","link":"https:\/\/www.ecole-stmaurice.fr\/index.php\/les-projets-de-lannee\/","title":{"rendered":"Les projets de l&rsquo;ann\u00e9e"},"content":{"rendered":"\n<p>Page en cours de construction, o\u00f9 seront pr\u00e9sent\u00e9s les diff\u00e9rents projets de l&rsquo;\u00e9cole au fil de l&rsquo;ann\u00e9e scolaire&#8230;<\/p>\n","protected":false},"excerpt":{"rendered":"<p>Page en cours de construction, o\u00f9 seront pr\u00e9sent\u00e9s les diff\u00e9rents projets de l&rsquo;\u00e9cole au fil de l&rsquo;ann\u00e9e scolaire&#8230;<\/p>\n","protected":false},"author":2,"featured_media":0,"parent":0,"menu_order":0,"comment_status":"closed","ping_status":"closed","template":"","meta":{"footnotes":""},"class_list":["post-1774","page","type-page","status-publish","hentry"],"_links":{"self":[{"href":"https:\/\/www.ecole-stmaurice.fr\/index.php\/wp-json\/wp\/v2\/pages\/1774","targetHints":{"allow":["GET"]}}],"collection":[{"href":"https:\/\/www.ecole-stmaurice.fr\/index.php\/wp-json\/wp\/v2\/pages"}],"about":[{"href":"https:\/\/www.ecole-stmaurice.fr\/index.php\/wp-json\/wp\/v2\/types\/page"}],"author":[{"embeddable":true,"href":"https:\/\/www.ecole-stmaurice.fr\/index.php\/wp-json\/wp\/v2\/users\/2"}],"replies":[{"embeddable":true,"href":"https:\/\/www.ecole-stmaurice.fr\/index.php\/wp-json\/wp\/v2\/comments?post=1774"}],"version-history":[{"count":2,"href":"https:\/\/www.ecole-stmaurice.fr\/index.php\/wp-json\/wp\/v2\/pages\/1774\/revisions"}],"predecessor-version":[{"id":1777,"href":"https:\/\/www.ecole-stmaurice.fr\/index.php\/wp-json\/wp\/v2\/pages\/1774\/revisions\/1777"}],"wp:attachment":[{"href":"https:\/\/www.ecole-stmaurice.fr\/index.php\/wp-json\/wp\/v2\/media?parent=1774"}],"curies":[{"name":"wp","href":"https:\/\/api.w.org\/{rel}","templated":true}]}}