{"id":1609,"date":"2023-05-12T22:14:15","date_gmt":"2023-05-12T20:14:15","guid":{"rendered":"https:\/\/www.ecole-stmaurice.fr\/?page_id=1609"},"modified":"2025-09-12T21:42:49","modified_gmt":"2025-09-12T19:42:49","slug":"presentation-de-logec","status":"publish","type":"page","link":"https:\/\/www.ecole-stmaurice.fr\/index.php\/presentation-de-logec\/","title":{"rendered":"Pr\u00e9sentation de l&rsquo;OGEC"},"content":{"rendered":"\n<p>L\u2019OGEC (Organisme de Gestion des Ecoles Catholiques) est une association Loi de 1901 au service de l&rsquo;enseignement catholique, compos\u00e9 de parents (d\u2019un enfant inscrit \u00e0 l\u2019\u00e9cole) b\u00e9n\u00e9voles et \u00e9lus, attach\u00e9s \u00e0 cet enseignement et qui mettent en commun leurs connaissances pour faire fonctionner notre \u00e9tablissement scolaire priv\u00e9.<\/p>\n\n\n\n<p><\/p>\n\n\n\n<h3 class=\"wp-block-heading has-medium-font-size\"><mark style=\"background-color:rgba(0, 0, 0, 0)\" class=\"has-inline-color has-vivid-red-color\">1- Le fonctionnement de l&rsquo;OGEC<\/mark><\/h3>\n\n\n\n<p>L\u2019OGEC Saint Maurice est compos\u00e9 d\u2019<strong>un ensemble de parents b\u00e9n\u00e9voles<\/strong>, mettant leurs <strong>comp\u00e9tences <\/strong>et leur <strong>disponibilit\u00e9 <\/strong>au service de l\u2019\u00e9cole et de l\u2019enseignement catholique, parce que les parents sont un \u00e9l\u00e9ment moteur pour elle.<\/p>\n\n\n\n<p>Nous contribuons \u00e0 l&rsquo;<strong>\u00e9laboration du projet \u00e9ducatif<\/strong> dans le cadre du projet d&rsquo;\u00e9tablissement, en partenariat avec le chef d&rsquo;\u00e9tablissement dans un <strong>climat de confiance r\u00e9ciproque.<\/strong><\/p>\n\n\n\n<p>Nous sommes \u00e0 l&rsquo;<strong>\u00e9coute des attentes et besoins<\/strong> <strong>de la communaut\u00e9 \u00e9ducative<\/strong>, et participons \u00e0 une <strong>r\u00e9flexion collective<\/strong> pour envisager les \u00e9volutions utiles \u00e0 l&rsquo;\u00e9tablissement. Nous repr\u00e9sentons \u00e9galement les int\u00e9r\u00eats de l&rsquo;\u00e9cole aupr\u00e8s des pouvoirs publics.<\/p>\n\n\n<div class=\"wp-block-image\">\n<figure class=\"aligncenter size-full is-resized\"><img loading=\"lazy\" decoding=\"async\" width=\"635\" height=\"551\" src=\"https:\/\/www.ecole-stmaurice.fr\/wp-content\/uploads\/2023\/05\/image-dialogue-1.png\" alt=\"\" class=\"wp-image-1637\" style=\"width:318px;height:276px\" srcset=\"https:\/\/www.ecole-stmaurice.fr\/wp-content\/uploads\/2023\/05\/image-dialogue-1.png 635w, https:\/\/www.ecole-stmaurice.fr\/wp-content\/uploads\/2023\/05\/image-dialogue-1-300x260.png 300w\" sizes=\"auto, (max-width: 635px) 100vw, 635px\" \/><\/figure>\n<\/div>\n\n\n<h3 class=\"wp-block-heading has-medium-font-size\"><mark style=\"background-color:rgba(0, 0, 0, 0)\" class=\"has-inline-color has-vivid-red-color\">2- Les missions de l&rsquo;OGEC<\/mark><\/h3>\n\n\n\n<p>\u00catre membre c\u2019est \u00eatre b\u00e9n\u00e9vole, solidaire et porter les choix de son \u00e9cole en agissant en lien avec l\u2019ensemble des acteurs de la communaut\u00e9 \u00e9ducative. Cela permet d&rsquo;assurer les missions patrimoniales et sociales, et d&rsquo;\u00e9laborer le projet de l&rsquo;\u00e9tablissement.<\/p>\n\n\n\n<p>L&rsquo;OGEC a la responsabilit\u00e9 de 3 axes majeurs \u00e0 l&rsquo;\u00e9cole :<\/p>\n\n\n\n<ul class=\"wp-block-list\">\n<li><strong><mark style=\"background-color:rgba(0, 0, 0, 0)\" class=\"has-inline-color has-luminous-vivid-amber-color\">Le social <\/mark>:<\/strong> l&rsquo;OGEC est employeur du personnel salari\u00e9 non enseignant de l&rsquo;\u00e9cole, ainsi que du chef d&rsquo;\u00e9tablissement pour ses fonctions de Direction.<\/li>\n<\/ul>\n\n\n\n<ul class=\"wp-block-list\">\n<li><strong><mark style=\"background-color:rgba(0, 0, 0, 0)\" class=\"has-inline-color has-cyan-bluish-gray-color\">L&rsquo;immobilier <\/mark><\/strong>: une gestion du patrimoine immobilier et mobilier pour offrir \u00e0 l&rsquo;\u00e9cole un cadre fonctionnel, attrayant et s\u00e9curis\u00e9.<\/li>\n<\/ul>\n\n\n\n<ul class=\"wp-block-list\">\n<li><strong><mark style=\"background-color:rgba(0, 0, 0, 0)\" class=\"has-inline-color has-vivid-cyan-blue-color\">Le financement<\/mark> <\/strong>: pour r\u00e9pondre aux besoins du projet d&rsquo;\u00e9tablissement, avec :\n<ul class=\"wp-block-list\">\n<li><strong> les contributions des familles <\/strong>: permettant d&rsquo;assurer les d\u00e9penses immobili\u00e8res et celles li\u00e9es \u00e0 la pastorale.<\/li>\n\n\n\n<li><strong>les ressources publiques <\/strong>: par le concours financier des collectivit\u00e9s territoriales pour les d\u00e9penses de fonctionnement.<\/li>\n<\/ul>\n<\/li>\n<\/ul>\n\n\n<div class=\"wp-block-image\">\n<figure class=\"aligncenter size-full is-resized\"><img loading=\"lazy\" decoding=\"async\" width=\"710\" height=\"704\" src=\"https:\/\/www.ecole-stmaurice.fr\/wp-content\/uploads\/2023\/05\/image-missions-1.jpg\" alt=\"\" class=\"wp-image-1638\" style=\"width:355px;height:352px\" srcset=\"https:\/\/www.ecole-stmaurice.fr\/wp-content\/uploads\/2023\/05\/image-missions-1.jpg 710w, https:\/\/www.ecole-stmaurice.fr\/wp-content\/uploads\/2023\/05\/image-missions-1-300x297.jpg 300w, https:\/\/www.ecole-stmaurice.fr\/wp-content\/uploads\/2023\/05\/image-missions-1-150x150.jpg 150w\" sizes=\"auto, (max-width: 710px) 100vw, 710px\" \/><\/figure>\n<\/div>\n\n\n<p>L&rsquo;OGEC n\u2019intervient pas dans le p\u00e9dagogique qui rel\u00e8ve uniquement des enseignants.<\/p>\n\n\n\n<p><\/p>\n\n\n\n<h3 class=\"wp-block-heading has-medium-font-size\"><mark style=\"background-color:rgba(0, 0, 0, 0)\" class=\"has-inline-color has-vivid-red-color\">3 &#8211; La composition et l&rsquo;organisation de l&rsquo;OGEC<\/mark><\/h3>\n\n\n\n<ul class=\"wp-block-list\">\n<li><strong>Composition&nbsp;<\/strong>: \n<ul class=\"wp-block-list\">\n<li>\u00a0<strong>un C.A<\/strong>. (conseil d&rsquo;administration), constitu\u00e9 de membres \u00e9lus dont le r\u00f4le est de g\u00e9rer l&rsquo;association, suivre le fonctionnement de l&rsquo;association, les affaires sociales, \u00e9conomiques, financi\u00e8res et immobili\u00e8res.<br>A ces membres \u00e9lus, se joignent des membres de droit\u00a0: le directeur d\u2019\u00e9tablissement, le pr\u00e9sident de l\u2019APEL et un repr\u00e9sentant dioc\u00e9sain.<\/li>\n\n\n\n<li> <strong>un Bureau, <\/strong>d\u00e9sign\u00e9 par le C.A.<strong>, <\/strong>constitu\u00e9 de :\n<ul class=\"wp-block-list\">\n<li>un Pr\u00e9sident (qui collabore \u00e9troitement avec le Chef d&rsquo;\u00e9tablissement) et un Vice-Pr\u00e9sident,<\/li>\n\n\n\n<li>un Tr\u00e9sorier et un Vice-Tr\u00e9sorier,<\/li>\n\n\n\n<li>un Secr\u00e9taire et un Vice-Secr\u00e9taire.<\/li>\n<\/ul>\n<\/li>\n\n\n\n<li>Tous les membres du Bureau sont \u00e9lus par le C.A. et assurent le bon fonctionnement de l\u2019association. <\/li>\n<\/ul>\n<\/li>\n\n\n\n<li><strong>Organisation&nbsp;: <\/strong>\n<ul class=\"wp-block-list\">\n<li><strong>Le C.A. de l&rsquo;OGEC<\/strong> se r\u00e9unit <strong>une fois par mois<\/strong> pour \u00e9changer sur les dossiers en cours. Chacun a libre parole pour d\u00e9battre sur un ordre du jour \u00e9tabli, dans un climat convivial et vivant.<\/li>\n\n\n\n<li><strong>Une assembl\u00e9e g\u00e9n\u00e9rale ordinaire<\/strong> avec l&rsquo;ensemble des administrateurs se r\u00e9unit<strong> une fois par an<\/strong> (dans les 6 mois de la cl\u00f4ture de l&rsquo;exercice), et qui a pour but d&rsquo;effectuer l\u2019approbation du rapport d&rsquo;activit\u00e9, financier et moral de l&rsquo;association.<\/li>\n<\/ul>\n<\/li>\n<\/ul>\n\n\n\n<p><\/p>\n\n\n\n<p>&nbsp;&nbsp;&nbsp;&nbsp;&nbsp;&nbsp;&nbsp;&nbsp;&nbsp;&nbsp;&nbsp; &nbsp;&nbsp;&nbsp;&nbsp;&nbsp;&nbsp;&nbsp;&nbsp; &nbsp;&nbsp; &nbsp;&nbsp;&nbsp;&nbsp;&nbsp;&nbsp;&nbsp;&nbsp;&nbsp;&nbsp;&nbsp; &nbsp;&nbsp;&nbsp;&nbsp;&nbsp;&nbsp;&nbsp;&nbsp; <\/p>\n\n\n\n<p>&nbsp;&nbsp;&nbsp;&nbsp;&nbsp;&nbsp;&nbsp;&nbsp;&nbsp;&nbsp; <\/p>\n\n\n\n<p>&nbsp;&nbsp;&nbsp;&nbsp;&nbsp;&nbsp;&nbsp;&nbsp;&nbsp;&nbsp;&nbsp;&nbsp;&nbsp;&nbsp;&nbsp;&nbsp;&nbsp;&nbsp;&nbsp;&nbsp;&nbsp;&nbsp;&nbsp; &nbsp;&nbsp;&nbsp;&nbsp;&nbsp;&nbsp;&nbsp;&nbsp;&nbsp;&nbsp;&nbsp; &nbsp;&nbsp;&nbsp;&nbsp;&nbsp;&nbsp;&nbsp;&nbsp;&nbsp;&nbsp; <\/p>\n","protected":false},"excerpt":{"rendered":"<p>L\u2019OGEC (Organisme de Gestion des Ecoles Catholiques) est une association Loi de 1901 au service de l&rsquo;enseignement catholique, compos\u00e9 de parents (d\u2019un enfant inscrit \u00e0 l\u2019\u00e9cole) b\u00e9n\u00e9voles et \u00e9lus, attach\u00e9s \u00e0 cet enseignement et qui mettent en commun leurs connaissances pour faire fonctionner notre \u00e9tablissement scolaire priv\u00e9. 1- Le fonctionnement de l&rsquo;OGEC L\u2019OGEC Saint Maurice<\/p>\n<p><a href=\"https:\/\/www.ecole-stmaurice.fr\/index.php\/presentation-de-logec\/\" class=\"more-link\">Lire la suite<\/a><\/p>\n","protected":false},"author":2,"featured_media":0,"parent":0,"menu_order":0,"comment_status":"closed","ping_status":"closed","template":"","meta":{"footnotes":""},"class_list":["post-1609","page","type-page","status-publish","hentry"],"_links":{"self":[{"href":"https:\/\/www.ecole-stmaurice.fr\/index.php\/wp-json\/wp\/v2\/pages\/1609","targetHints":{"allow":["GET"]}}],"collection":[{"href":"https:\/\/www.ecole-stmaurice.fr\/index.php\/wp-json\/wp\/v2\/pages"}],"about":[{"href":"https:\/\/www.ecole-stmaurice.fr\/index.php\/wp-json\/wp\/v2\/types\/page"}],"author":[{"embeddable":true,"href":"https:\/\/www.ecole-stmaurice.fr\/index.php\/wp-json\/wp\/v2\/users\/2"}],"replies":[{"embeddable":true,"href":"https:\/\/www.ecole-stmaurice.fr\/index.php\/wp-json\/wp\/v2\/comments?post=1609"}],"version-history":[{"count":5,"href":"https:\/\/www.ecole-stmaurice.fr\/index.php\/wp-json\/wp\/v2\/pages\/1609\/revisions"}],"predecessor-version":[{"id":1802,"href":"https:\/\/www.ecole-stmaurice.fr\/index.php\/wp-json\/wp\/v2\/pages\/1609\/revisions\/1802"}],"wp:attachment":[{"href":"https:\/\/www.ecole-stmaurice.fr\/index.php\/wp-json\/wp\/v2\/media?parent=1609"}],"curies":[{"name":"wp","href":"https:\/\/api.w.org\/{rel}","templated":true}]}}