{"id":1593,"date":"2023-05-12T21:46:34","date_gmt":"2023-05-12T19:46:34","guid":{"rendered":"https:\/\/www.ecole-stmaurice.fr\/?page_id=1593"},"modified":"2023-05-13T15:49:13","modified_gmt":"2023-05-13T13:49:13","slug":"un-peu-dhistoire","status":"publish","type":"page","link":"https:\/\/www.ecole-stmaurice.fr\/index.php\/presentation\/un-peu-dhistoire\/","title":{"rendered":"Un peu d&rsquo;histoire"},"content":{"rendered":"\n<p>L\u2019\u00e9cole Saint Maurice se situe dans le quartier Monplaisir-Lumi\u00e8re \u00e0 Lyon 8\u00e8me. Au c\u0153ur de ce quartier, se trouve l\u2019institut Lumi\u00e8re : mus\u00e9e consacr\u00e9 au cin\u00e9ma.<\/p>\n\n\n\n<p>Au d\u00e9but du XVIII\u00e8me si\u00e8cle, la famille Henry, riche famille lyonnaise, d\u00e9cide de lotir son domaine auquel elle donne les noms de \u00ab Village de Monplaisir \u00bb et \u00ab Campagne de Sans-Souci \u00bb.<\/p>\n\n\n\n<p>La route royale n\u00b06, devenue grande rue de Monplaisir, puis avenue des Fr\u00e8res Lumi\u00e8re, est l\u2019axe de ce quartier. Propri\u00e9taire d&rsquo;un immense domaine, elle met au point une op\u00e9ration d&rsquo;urbanisme en 1828 en d\u00e9coupant de sa parcelle en 400 terrains.<\/p>\n\n\n\n<p>L&rsquo;\u00e9glise Saint Maurice est construite en 1845 lorsque Marie-Vital Henry, dit le Baron des Tournelles, offre une parcelle \u00e0 l&rsquo;archev\u00eaque.<\/p>\n\n\n\n<p>Cofinanc\u00e9e par les familles ais\u00e9es du quartier, l\u2019Ecole libre Saint Maurice voit alors le jour en 1909. Les plans de l&rsquo;\u00e9cole sont demand\u00e9s \u00e0 Pierre BOSSAN, architecte renomm\u00e9 \u00e0 l\u2019origine de la Basilique Notre Dame de Fourvi\u00e8re et pour laquelle il obtient le grand prix de Rome de l\u2019architecture. La fa\u00e7ade de l\u2019\u00e9cole est inspir\u00e9e de l\u2019art byzantin. Suite \u00e0 un voyage en Italie en 1845, Pierre BOSSAN d\u00e9couvre cet art, il est conquis et en rapporte les techniques.<\/p>\n\n\n<div class=\"wp-block-image\">\n<figure class=\"aligncenter size-large is-resized\"><img loading=\"lazy\" decoding=\"async\" src=\"https:\/\/www.ecole-stmaurice.fr\/wp-content\/uploads\/2023\/05\/images-H1-1024x242.jpg\" alt=\"\" class=\"wp-image-1627\" width=\"768\" height=\"182\" srcset=\"https:\/\/www.ecole-stmaurice.fr\/wp-content\/uploads\/2023\/05\/images-H1-1024x242.jpg 1024w, https:\/\/www.ecole-stmaurice.fr\/wp-content\/uploads\/2023\/05\/images-H1-300x71.jpg 300w, https:\/\/www.ecole-stmaurice.fr\/wp-content\/uploads\/2023\/05\/images-H1-768x182.jpg 768w, https:\/\/www.ecole-stmaurice.fr\/wp-content\/uploads\/2023\/05\/images-H1.jpg 1103w\" sizes=\"auto, (max-width: 768px) 100vw, 768px\" \/><\/figure>\n<\/div>\n\n\n<p>D\u2019abord d\u2019origine rurale, Monplaisir a particip\u00e9 pleinement \u00e0 l\u2019\u00e9pop\u00e9e industrielle du XX\u00e8me si\u00e8cle, d&rsquo; Antoine Lumi\u00e8re. Il est le fondateur des usines Lumi\u00e8re et l&rsquo;inventeur de la plaque photo \u00e0 d\u00e9veloppement rapide. Et surtout le p\u00e8re d\u2019Auguste et Louis Lumi\u00e8re, inventeurs du cin\u00e9ma en 1895. avec l\u2019installation d\u2019usines comme Calor, Berliet, Lafont, les automobiles Saurer ou les usines de cin\u00e9ma.<\/p>\n\n\n\n<p>Aujourd\u2019hui, les usines ont disparu ou ont \u00e9t\u00e9 repouss\u00e9es \u00e0 la p\u00e9riph\u00e9rie de la ville et nous notons une transformation r\u00e9sidentielle rapide. Bien que situ\u00e9 en pleine agglom\u00e9ration et malgr\u00e9 sa mutation, il r\u00e8gne dans ce quartier un esprit de village.<\/p>\n\n\n\n<p>Jusqu\u2019\u00e0 la Loi sur la mixit\u00e9 \u00e0 l\u2019\u00e9cole fin des ann\u00e9es soixante-dix, le 12 rue Saint Maurice (actuelle \u00e9cole maternelle) est l\u2019\u00e9cole des gar\u00e7ons et le 25 rue L\u00e9o et Maurice Trouilhet celle des filles et le pensionnat des s\u0153urs (actuelle \u00e9cole \u00e9l\u00e9mentaire). En 1980, l\u2019\u00e9cole des gar\u00e7ons devient l\u2019\u00e9cole maternelle jusqu\u2019au CP et celle des filles devient l\u2019\u00e9l\u00e9mentaire du CE1 au CM2. Chaque \u00e9cole a sa propre direction mais le m\u00eame organisme de gestion.<\/p>\n\n\n<div class=\"wp-block-image\">\n<figure class=\"aligncenter size-large is-resized\"><img loading=\"lazy\" decoding=\"async\" src=\"https:\/\/www.ecole-stmaurice.fr\/wp-content\/uploads\/2023\/05\/Images-H3-1024x249.jpg\" alt=\"\" class=\"wp-image-1628\" width=\"768\" height=\"187\" srcset=\"https:\/\/www.ecole-stmaurice.fr\/wp-content\/uploads\/2023\/05\/Images-H3-1024x249.jpg 1024w, https:\/\/www.ecole-stmaurice.fr\/wp-content\/uploads\/2023\/05\/Images-H3-300x73.jpg 300w, https:\/\/www.ecole-stmaurice.fr\/wp-content\/uploads\/2023\/05\/Images-H3-768x187.jpg 768w, https:\/\/www.ecole-stmaurice.fr\/wp-content\/uploads\/2023\/05\/Images-H3.jpg 1215w\" sizes=\"auto, (max-width: 768px) 100vw, 768px\" \/><\/figure>\n<\/div>\n\n\n<p>En 2001, la directrice de la maternelle demande sa mutation et le directeur de l\u2019\u00e9l\u00e9mentaire prend sa retraite. Ils sont alors remplac\u00e9s par un seul directeur qui aura la charge des deux sites. La structure se modifie et passe de 4 classes de maternelle et 6 classes d\u2019\u00e9l\u00e9mentaire, \u00e0 3 classes de maternelle et 7 \u00e9l\u00e9mentaires.<\/p>\n\n\n\n<p>Les deux sites sont d\u00e9sormais li\u00e9s mais distincts aux :<\/p>\n\n\n\n<ul class=\"wp-block-list\">\n<li>12 rue Saint Maurice pour les classes de maternelle, et<\/li>\n\n\n\n<li>25 rue L\u00e9o et Maurice Trouilhet pour les classes du CP au CM2.<\/li>\n<\/ul>\n\n\n<div class=\"wp-block-image\">\n<figure class=\"aligncenter size-full is-resized\"><img loading=\"lazy\" decoding=\"async\" src=\"https:\/\/www.ecole-stmaurice.fr\/wp-content\/uploads\/2023\/05\/images-H2.jpg\" alt=\"\" class=\"wp-image-1629\" width=\"593\" height=\"218\" srcset=\"https:\/\/www.ecole-stmaurice.fr\/wp-content\/uploads\/2023\/05\/images-H2.jpg 791w, https:\/\/www.ecole-stmaurice.fr\/wp-content\/uploads\/2023\/05\/images-H2-300x110.jpg 300w, https:\/\/www.ecole-stmaurice.fr\/wp-content\/uploads\/2023\/05\/images-H2-768x282.jpg 768w\" sizes=\"auto, (max-width: 593px) 100vw, 593px\" \/><\/figure>\n<\/div>","protected":false},"excerpt":{"rendered":"<p>L\u2019\u00e9cole Saint Maurice se situe dans le quartier Monplaisir-Lumi\u00e8re \u00e0 Lyon 8\u00e8me. Au c\u0153ur de ce quartier, se trouve l\u2019institut Lumi\u00e8re : mus\u00e9e consacr\u00e9 au cin\u00e9ma. Au d\u00e9but du XVIII\u00e8me si\u00e8cle, la famille Henry, riche famille lyonnaise, d\u00e9cide de lotir son domaine auquel elle donne les noms de \u00ab Village de Monplaisir \u00bb et \u00ab<\/p>\n<p><a href=\"https:\/\/www.ecole-stmaurice.fr\/index.php\/presentation\/un-peu-dhistoire\/\" class=\"more-link\">Lire la suite<\/a><\/p>\n","protected":false},"author":2,"featured_media":0,"parent":144,"menu_order":1,"comment_status":"closed","ping_status":"closed","template":"","meta":{"footnotes":""},"class_list":["post-1593","page","type-page","status-publish","hentry"],"_links":{"self":[{"href":"https:\/\/www.ecole-stmaurice.fr\/index.php\/wp-json\/wp\/v2\/pages\/1593","targetHints":{"allow":["GET"]}}],"collection":[{"href":"https:\/\/www.ecole-stmaurice.fr\/index.php\/wp-json\/wp\/v2\/pages"}],"about":[{"href":"https:\/\/www.ecole-stmaurice.fr\/index.php\/wp-json\/wp\/v2\/types\/page"}],"author":[{"embeddable":true,"href":"https:\/\/www.ecole-stmaurice.fr\/index.php\/wp-json\/wp\/v2\/users\/2"}],"replies":[{"embeddable":true,"href":"https:\/\/www.ecole-stmaurice.fr\/index.php\/wp-json\/wp\/v2\/comments?post=1593"}],"version-history":[{"count":8,"href":"https:\/\/www.ecole-stmaurice.fr\/index.php\/wp-json\/wp\/v2\/pages\/1593\/revisions"}],"predecessor-version":[{"id":1633,"href":"https:\/\/www.ecole-stmaurice.fr\/index.php\/wp-json\/wp\/v2\/pages\/1593\/revisions\/1633"}],"up":[{"embeddable":true,"href":"https:\/\/www.ecole-stmaurice.fr\/index.php\/wp-json\/wp\/v2\/pages\/144"}],"wp:attachment":[{"href":"https:\/\/www.ecole-stmaurice.fr\/index.php\/wp-json\/wp\/v2\/media?parent=1593"}],"curies":[{"name":"wp","href":"https:\/\/api.w.org\/{rel}","templated":true}]}}