{"id":13,"date":"2019-06-18T21:38:41","date_gmt":"2019-06-18T19:38:41","guid":{"rendered":"http:\/\/www.wordpress.ecole-stmaurice.fr\/?page_id=13"},"modified":"2025-09-12T21:33:50","modified_gmt":"2025-09-12T19:33:50","slug":"lequipe-educative","status":"publish","type":"page","link":"https:\/\/www.ecole-stmaurice.fr\/index.php\/lequipe-educative\/","title":{"rendered":"L&rsquo;\u00e9quipe \u00e9ducative"},"content":{"rendered":"\n<p><strong>Chef d&rsquo;\u00e9tablissement<\/strong> : Monsieur Xavier GIROUX<\/p>\n\n\n\n<p><strong>Pr\u00e9sident de l\u2019OGEC<\/strong>&nbsp;: Monsieur S\u00e9bastien RIPERT<br><strong>Pr\u00e9sident de l\u2019APEL<\/strong>&nbsp;: Monsieur Arnaud PETIT<br><strong>Assistante de direction<\/strong> : Madame Emmanuelle ROUDIL<\/p>\n\n\n\n<p><strong><mark style=\"background-color:rgba(0, 0, 0, 0)\" class=\"has-inline-color has-vivid-cyan-blue-color\">\u00c9quipe maternelle :<\/mark><\/strong><\/p>\n\n\n\n<ul class=\"wp-block-list\">\n<li><strong>Petite section<\/strong> : Madame Martine PETIOT<\/li>\n\n\n\n<li><strong>Moyenne section<\/strong> : Madame Alexandra GROSSHAENY<\/li>\n\n\n\n<li><strong>Grande section<\/strong> : Madame Marion BELOT (lundi et jeudi)<\/li>\n\n\n\n<li><strong>Grande section<\/strong> : Monsieur Xavier GIROUX (mardi et vendredi)<\/li>\n\n\n\n<li><strong>ASEM <\/strong>: Madame Dominique RUFFINEL, Madame L\u00e9a DUBOIS<\/li>\n\n\n\n<li><strong>Auxiliaire des classes enfantines<\/strong> : Madame Fran\u00e7oise POLLET<\/li>\n<\/ul>\n\n\n\n<p><strong><mark style=\"background-color:rgba(0, 0, 0, 0)\" class=\"has-inline-color has-vivid-cyan-blue-color\">\u00c9quipe \u00e9l\u00e9mentaire :<\/mark><\/strong><\/p>\n\n\n\n<ul class=\"wp-block-list\">\n<li><strong>CP <\/strong>: Madame C\u00e9line CLET<\/li>\n\n\n\n<li><strong>CP <\/strong>: Madame Laurence PONTILLE<\/li>\n\n\n\n<li><strong>CE1 <\/strong>: Madame Elizabeth FAYET<\/li>\n\n\n\n<li><strong>CE1\/CE2<\/strong> : Madame Louise ARNAUD<\/li>\n\n\n\n<li><strong>CE2 <\/strong>: Madame C\u00e9line GUILLOT<\/li>\n\n\n\n<li><strong>CE2 <\/strong>: Madame Camille DECOT (les lundis)<\/li>\n\n\n\n<li><strong>CM1 <\/strong>: Madame Marielle DITTMAR<\/li>\n\n\n\n<li><strong>CM1\/CM2<\/strong> : Madame Sylvie COUTURE<\/li>\n\n\n\n<li><strong>CM2 <\/strong>: Monsieur Damien MANHES<\/li>\n\n\n\n<li><strong>AESH <\/strong>: Madame Ondine PONOS<\/li>\n\n\n\n<li>Service Civique<\/li>\n<\/ul>\n\n\n\n<p><mark style=\"background-color:rgba(0, 0, 0, 0)\" class=\"has-inline-color has-vivid-cyan-blue-color\"><strong>Auxiliaire p\u00e9dagogique<\/strong> :<\/mark> Madame Ga\u00eblle FAVRE<\/p>\n\n\n\n<p><mark style=\"background-color:rgba(0, 0, 0, 0)\" class=\"has-inline-color has-vivid-cyan-blue-color\"><strong>APS :<\/strong> <\/mark>Madame Pavlina VINCENT<\/p>\n\n\n\n<p><mark style=\"background-color:rgba(0, 0, 0, 0)\" class=\"has-inline-color has-vivid-cyan-blue-color\"><strong>R\u00e9seau ASH<\/strong> :<\/mark><\/p>\n\n\n\n<ul class=\"wp-block-list\">\n<li><strong>Psychologue scolaire PEOPS<\/strong> : Jagoda FAURE<\/li>\n\n\n\n<li><strong>Enseignante sp\u00e9cialis\u00e9e \/ R\u00e9\u00e9ducatrice <\/strong>: Madame Isabelle MICHALLET<\/li>\n<\/ul>\n\n\n\n<p><strong><mark style=\"background-color:rgba(0, 0, 0, 0)\" class=\"has-inline-color has-vivid-cyan-blue-color\">Cantine &#8211; Garderie &#8211; Etude : <\/mark><\/strong><\/p>\n\n\n\n<ul id=\"block-de0cd2d3-88a5-4d69-8fe5-b4ed3398db89\" class=\"wp-block-list\">\n<li>Madame Lusine KHATCHATRYAN<\/li>\n\n\n\n<li>Madame Najat DANIEL<\/li>\n\n\n\n<li>Madame Rachida BELKHAOUDA<\/li>\n\n\n\n<li>Madame Nad\u00e8ge ETAO<\/li>\n\n\n\n<li>Madame Kalathoumi ABDOU<\/li>\n<\/ul>\n\n\n\n<p><mark style=\"background-color:rgba(0, 0, 0, 0)\" class=\"has-inline-color has-vivid-cyan-blue-color\"><strong>Entretien des locaux<\/strong> :<\/mark><\/p>\n\n\n\n<ul id=\"block-32c87884-f147-408e-9dfe-9cc2db827d0d\" class=\"wp-block-list\">\n<li>La soci\u00e9t\u00e9 AM Nettoyage<\/li>\n<\/ul>\n\n\n\n<p><\/p>\n","protected":false},"excerpt":{"rendered":"<p>Chef d&rsquo;\u00e9tablissement : Monsieur Xavier GIROUX Pr\u00e9sident de l\u2019OGEC&nbsp;: Monsieur S\u00e9bastien RIPERTPr\u00e9sident de l\u2019APEL&nbsp;: Monsieur Arnaud PETITAssistante de direction : Madame Emmanuelle ROUDIL \u00c9quipe maternelle : \u00c9quipe \u00e9l\u00e9mentaire : Auxiliaire p\u00e9dagogique : Madame Ga\u00eblle FAVRE APS : Madame Pavlina VINCENT R\u00e9seau ASH : Cantine &#8211; Garderie &#8211; Etude : Entretien des locaux :<\/p>\n","protected":false},"author":1,"featured_media":0,"parent":0,"menu_order":0,"comment_status":"closed","ping_status":"closed","template":"","meta":{"footnotes":""},"class_list":["post-13","page","type-page","status-publish","hentry"],"_links":{"self":[{"href":"https:\/\/www.ecole-stmaurice.fr\/index.php\/wp-json\/wp\/v2\/pages\/13","targetHints":{"allow":["GET"]}}],"collection":[{"href":"https:\/\/www.ecole-stmaurice.fr\/index.php\/wp-json\/wp\/v2\/pages"}],"about":[{"href":"https:\/\/www.ecole-stmaurice.fr\/index.php\/wp-json\/wp\/v2\/types\/page"}],"author":[{"embeddable":true,"href":"https:\/\/www.ecole-stmaurice.fr\/index.php\/wp-json\/wp\/v2\/users\/1"}],"replies":[{"embeddable":true,"href":"https:\/\/www.ecole-stmaurice.fr\/index.php\/wp-json\/wp\/v2\/comments?post=13"}],"version-history":[{"count":20,"href":"https:\/\/www.ecole-stmaurice.fr\/index.php\/wp-json\/wp\/v2\/pages\/13\/revisions"}],"predecessor-version":[{"id":1800,"href":"https:\/\/www.ecole-stmaurice.fr\/index.php\/wp-json\/wp\/v2\/pages\/13\/revisions\/1800"}],"wp:attachment":[{"href":"https:\/\/www.ecole-stmaurice.fr\/index.php\/wp-json\/wp\/v2\/media?parent=13"}],"curies":[{"name":"wp","href":"https:\/\/api.w.org\/{rel}","templated":true}]}}