{"id":12,"date":"2019-06-18T21:38:41","date_gmt":"2019-06-18T19:38:41","guid":{"rendered":"http:\/\/www.wordpress.ecole-stmaurice.fr\/?page_id=12"},"modified":"2025-09-12T21:25:24","modified_gmt":"2025-09-12T19:25:24","slug":"mot-de-la-directrice","status":"publish","type":"page","link":"https:\/\/www.ecole-stmaurice.fr\/index.php\/mot-de-la-directrice\/","title":{"rendered":"Le mot du directeur"},"content":{"rendered":"\n<p>Chers enfants, chers parents, <\/p>\n\n\n\n<p>Une nouvelle ann\u00e9e commence. Je vous assure de mon engagement \u00e0 faire vivre le projet \u00e9ducatif de l&rsquo;Ecole Saint Maurice.<\/p>\n\n\n\n<p>Celui-ci ne na\u00eet pas du hasard, il est le r\u00e9sultat de l&rsquo;action d&rsquo;un certain nombre d&rsquo;adultes qui s&rsquo;investissent dans la vie de l&rsquo;\u00e9cole.<\/p>\n\n\n\n<p>Tout d&rsquo;abord, une \u00e9quipe enseignante qui d\u00e9ploie des tr\u00e9sors d&rsquo;ing\u00e9niosit\u00e9 pour faire progresser tous les enfants.<\/p>\n\n\n\n<p>Ensuite, un personnel qui met au service de tous, toutes leurs comp\u00e9tences professionnelles.<\/p>\n\n\n\n<p>Enfin, un grand nombre de parents qui prennent de leur temps pour \u00eatre au service de notre collectivit\u00e9, en aidant \u00e0 la gestion, \u00e0 l&rsquo;animation, \u00e0 la pastorale, aux petits travaux, aux diff\u00e9rents accompagnements de classe&#8230;<\/p>\n\n\n\n<p>Chacun a une place, soyez donc les bienvenus.<\/p>\n\n\n\n<p>Alors, je souhaite aux uns et aux autres une ann\u00e9e scolaire riche en projets et en r\u00e9ussites.<\/p>\n\n\n\n<p>Cette ann\u00e9e \u00e0 l&rsquo;\u00e9cole Saint Maurice, nous accompagnerons <strong>300 \u00e9l\u00e8ves de la Petite Section de maternelle au CM2.<\/strong><\/p>\n\n\n\n<p>Une \u00e9cole o\u00f9 l&rsquo;enfant en devenir et tourn\u00e9 vers l&rsquo;avenir, avec sa famille, est accueilli avec une bienveillance dans sa diff\u00e9rence culturelle, sociale, intellectuelle.<\/p>\n\n\n\n<p>L&rsquo;\u00e9cole Saint Maurice est une \u00e9cole catholique, sous tutelle dioc\u00e9saine, ouverte \u00e0 tous. Notre projet \u00e9ducatif anim\u00e9 par l&rsquo;esprit de l&rsquo;Evangile cherche \u00e0 unir dans un m\u00eame acte le fait d&rsquo;enseigner, d&rsquo;\u00e9duquer et de proposer un sens chr\u00e9tien de l&rsquo;homme et de la vie, toujours dans le respect des convictions de chacun.<\/p>\n\n\n\n<p>Je souhaite que chacun trouve sa place et puisse progresser scolairement et humainement.<\/p>\n\n\n\n<p><\/p>\n\n\n\n<p class=\"has-text-align-right\">Belle ann\u00e9e \u00e0 vous.<\/p>\n\n\n\n<p class=\"has-text-align-right\">Bien sinc\u00e8rement,<\/p>\n\n\n\n<p class=\"has-text-align-right\"><strong>Xavier GIROUX<\/strong> &#8211; <strong>Chef d&rsquo;\u00e9tablissement<\/strong><\/p>\n\n\n\n<p><\/p>\n","protected":false},"excerpt":{"rendered":"<p>Chers enfants, chers parents, Une nouvelle ann\u00e9e commence. Je vous assure de mon engagement \u00e0 faire vivre le projet \u00e9ducatif de l&rsquo;Ecole Saint Maurice. Celui-ci ne na\u00eet pas du hasard, il est le r\u00e9sultat de l&rsquo;action d&rsquo;un certain nombre d&rsquo;adultes qui s&rsquo;investissent dans la vie de l&rsquo;\u00e9cole. Tout d&rsquo;abord, une \u00e9quipe enseignante qui d\u00e9ploie des<\/p>\n<p><a href=\"https:\/\/www.ecole-stmaurice.fr\/index.php\/mot-de-la-directrice\/\" class=\"more-link\">Lire la suite<\/a><\/p>\n","protected":false},"author":1,"featured_media":0,"parent":0,"menu_order":0,"comment_status":"closed","ping_status":"closed","template":"","meta":{"footnotes":""},"class_list":["post-12","page","type-page","status-publish","hentry"],"_links":{"self":[{"href":"https:\/\/www.ecole-stmaurice.fr\/index.php\/wp-json\/wp\/v2\/pages\/12","targetHints":{"allow":["GET"]}}],"collection":[{"href":"https:\/\/www.ecole-stmaurice.fr\/index.php\/wp-json\/wp\/v2\/pages"}],"about":[{"href":"https:\/\/www.ecole-stmaurice.fr\/index.php\/wp-json\/wp\/v2\/types\/page"}],"author":[{"embeddable":true,"href":"https:\/\/www.ecole-stmaurice.fr\/index.php\/wp-json\/wp\/v2\/users\/1"}],"replies":[{"embeddable":true,"href":"https:\/\/www.ecole-stmaurice.fr\/index.php\/wp-json\/wp\/v2\/comments?post=12"}],"version-history":[{"count":11,"href":"https:\/\/www.ecole-stmaurice.fr\/index.php\/wp-json\/wp\/v2\/pages\/12\/revisions"}],"predecessor-version":[{"id":1796,"href":"https:\/\/www.ecole-stmaurice.fr\/index.php\/wp-json\/wp\/v2\/pages\/12\/revisions\/1796"}],"wp:attachment":[{"href":"https:\/\/www.ecole-stmaurice.fr\/index.php\/wp-json\/wp\/v2\/media?parent=12"}],"curies":[{"name":"wp","href":"https:\/\/api.w.org\/{rel}","templated":true}]}}