{"id":116,"date":"2019-06-18T23:32:53","date_gmt":"2019-06-18T21:32:53","guid":{"rendered":"http:\/\/www.wordpress.ecole-stmaurice.fr\/?page_id=116"},"modified":"2025-11-28T09:14:16","modified_gmt":"2025-11-28T08:14:16","slug":"garderie-etude","status":"publish","type":"page","link":"https:\/\/www.ecole-stmaurice.fr\/index.php\/garderie-etude\/","title":{"rendered":"Garderie \/ Etude"},"content":{"rendered":"\n<p>L\u2019Ecole Saint Maurice met \u00e0 la disposition de toutes les familles \u00e0 titre on\u00e9reux un service de garderie et d\u2019\u00e9tude.<\/p>\n\n\n\n<p>Ce service de garderie et \u00e9tude est organis\u00e9 de la fa\u00e7on suivante&nbsp;:<\/p>\n\n\n\n<ul class=\"wp-block-list\">\n<li>Le matin&nbsp;: accueil des enfants \u00e0 partir de 7h30 (c\u00f4t\u00e9 maternelle)<\/li>\n\n\n\n<li>Le soir&nbsp;: sortie des enfants \u00e0 17h ou \u00e0 <strong>18h au plus tard<\/strong><\/li>\n<\/ul>\n\n\n\n<p><strong>Attention, pour l\u2019\u00e9tude et la garderie du soir, les sorties des enfants se font soit \u00e0 17h soit \u00e0 partir de 17h55.<\/strong><\/p>\n\n\n\n<p>Tout enfant qui ne sera pas r\u00e9cup\u00e9r\u00e9 \u00e0 la sortie de la classe \u00e0 16h30 sera confi\u00e9 \u00e0 la garderie ce qui entra\u00eenera une facturation de 6 \u20ac.<br>Tout retard, au del\u00e0 de 18h, entra\u00eenera la majoration du co\u00fbt de la garderie\/\u00e9tude d\u2019un montant de 6 \u20ac.<\/p>\n\n\n\n<p>Afin de faciliter notre gestion, les frais de garderie et d\u2019\u00e9tude sont rajout\u00e9s \u00e0 la facture mensuelle que vous trouverez sur votre espace Ecole Directe en d\u00e9but de mois.<\/p>\n\n\n\n<p>\nLes tarifs de ce service ont \u00e9t\u00e9 fix\u00e9s \u00e0&nbsp;:\n\n<\/p>\n\n\n\n<ul class=\"wp-block-list\">\n<li>Forfait de 20 \u20ac par mois pour la garderie du matin<\/li>\n\n\n\n<li>Forfait de 23 \u20ac par mois pour la petite garderie du soir jusque 17h <\/li>\n\n\n\n<li>Forfait de 35 \u20ac par mois pour la grande garderie du soir jusque 18h<\/li>\n<\/ul>\n\n\n\n<p><strong>Garderie ou \u00e9tude exceptionnelle, matin ou soir<\/strong>&nbsp;: 6 \u20ac par enfant\/session<\/p>\n\n\n\n<p>Chaque service (garderie matin, \u00e9tude ou garderie du soir) fait l\u2019objet d\u2019une facturation ind\u00e9pendante. Ces services peuvent se cumuler mais ne sont pas interchangeables. <\/p>\n\n\n\n<p>Pour les garderies ou \u00e9tudes occasionnelles du soir, merci de pr\u00e9venir les enseignantes en mettant un mot dans le carnet de liaison.<\/p>\n\n\n\n<p>!!!  Il est possible de cumuler garderie et cantine le m\u00eame jour d\u00e8s la petite section. !!!<\/p>\n","protected":false},"excerpt":{"rendered":"<p>L\u2019Ecole Saint Maurice met \u00e0 la disposition de toutes les familles \u00e0 titre on\u00e9reux un service de garderie et d\u2019\u00e9tude. Ce service de garderie et \u00e9tude est organis\u00e9 de la fa\u00e7on suivante&nbsp;: Attention, pour l\u2019\u00e9tude et la garderie du soir, les sorties des enfants se font soit \u00e0 17h soit \u00e0 partir de 17h55. Tout<\/p>\n<p><a href=\"https:\/\/www.ecole-stmaurice.fr\/index.php\/garderie-etude\/\" class=\"more-link\">Lire la suite<\/a><\/p>\n","protected":false},"author":1,"featured_media":0,"parent":0,"menu_order":0,"comment_status":"closed","ping_status":"closed","template":"","meta":{"footnotes":""},"class_list":["post-116","page","type-page","status-publish","hentry"],"_links":{"self":[{"href":"https:\/\/www.ecole-stmaurice.fr\/index.php\/wp-json\/wp\/v2\/pages\/116","targetHints":{"allow":["GET"]}}],"collection":[{"href":"https:\/\/www.ecole-stmaurice.fr\/index.php\/wp-json\/wp\/v2\/pages"}],"about":[{"href":"https:\/\/www.ecole-stmaurice.fr\/index.php\/wp-json\/wp\/v2\/types\/page"}],"author":[{"embeddable":true,"href":"https:\/\/www.ecole-stmaurice.fr\/index.php\/wp-json\/wp\/v2\/users\/1"}],"replies":[{"embeddable":true,"href":"https:\/\/www.ecole-stmaurice.fr\/index.php\/wp-json\/wp\/v2\/comments?post=116"}],"version-history":[{"count":12,"href":"https:\/\/www.ecole-stmaurice.fr\/index.php\/wp-json\/wp\/v2\/pages\/116\/revisions"}],"predecessor-version":[{"id":1819,"href":"https:\/\/www.ecole-stmaurice.fr\/index.php\/wp-json\/wp\/v2\/pages\/116\/revisions\/1819"}],"wp:attachment":[{"href":"https:\/\/www.ecole-stmaurice.fr\/index.php\/wp-json\/wp\/v2\/media?parent=116"}],"curies":[{"name":"wp","href":"https:\/\/api.w.org\/{rel}","templated":true}]}}